{"id":2,"date":"2016-05-10T03:48:21","date_gmt":"2016-05-10T03:48:21","guid":{"rendered":"http:\/\/www.aspwaldoergeler.ch\/?page_id=2"},"modified":"2026-04-01T11:40:32","modified_gmt":"2026-04-01T11:40:32","slug":"wer-sind-wir","status":"publish","type":"page","link":"https:\/\/www.oergeliclub-jona.ch\/","title":{"rendered":"Willkommen beim Schwyzer\u00f6rgeli Club Jona"},"content":{"rendered":"\n<figure class=\"wp-block-image size-large\"><img loading=\"lazy\" decoding=\"async\" width=\"1024\" height=\"576\" src=\"https:\/\/www.oergeliclub-jona.ch\/wp-content\/uploads\/2025\/01\/DSC0093_mit-Dirigentin-1024x576.jpg\" alt=\"\" class=\"wp-image-519\" srcset=\"https:\/\/www.oergeliclub-jona.ch\/wp-content\/uploads\/2025\/01\/DSC0093_mit-Dirigentin-1024x576.jpg 1024w, https:\/\/www.oergeliclub-jona.ch\/wp-content\/uploads\/2025\/01\/DSC0093_mit-Dirigentin-300x169.jpg 300w, https:\/\/www.oergeliclub-jona.ch\/wp-content\/uploads\/2025\/01\/DSC0093_mit-Dirigentin-768x432.jpg 768w, https:\/\/www.oergeliclub-jona.ch\/wp-content\/uploads\/2025\/01\/DSC0093_mit-Dirigentin-1536x864.jpg 1536w, https:\/\/www.oergeliclub-jona.ch\/wp-content\/uploads\/2025\/01\/DSC0093_mit-Dirigentin-2048x1152.jpg 2048w, https:\/\/www.oergeliclub-jona.ch\/wp-content\/uploads\/2025\/01\/DSC0093_mit-Dirigentin-850x478.jpg 850w\" sizes=\"auto, (max-width: 1024px) 100vw, 1024px\" \/><\/figure>\n\n\n\n<p>Anfang der 90er Jahre nahm unser damaliger musikalischer Leiter, Leo Beeler, einige seiner langj\u00e4hrigen Sch\u00fcler zusammen und bestritt mit ihnen verschiedene Auftritte. Die Formation wurde im Laufe der Zeit immer gr\u00f6sser, sodass im Jahr 1992 offiziell der Schwyzer\u00f6rgeli-Club Jona gegr\u00fcndet wurde. Eine Gr\u00fcndungsversammlung gab es allerdings nie. Damals wie heute war die F\u00f6rderung der Geselligkeit oberstes Statut. Um genau diese Geselligkeit zu f\u00f6rdern, veranstalten wir j\u00e4hrlich einen Familien-Grillabend und ein Weihnachtsessen.<br><br>Nachdem der Club Mitte der 90er in der Region zu einer stattlichen Gr\u00f6sse herangewachsen war, nahmen wir 1997 mit grossem Erfolg am ersten L\u00e4ndler-Grossformationentreffen in Felsberg teil. Mit gest\u00e4rktem Selbstvertrauen entstand die Idee, eine CD aufzunehmen, welche schlussendlich im Jahr 1999 realisiert wurde. \u201eUs Freud am Spiele\u201c hiess unser Motto. Schon damals zelebrierten wir unsere St\u00fccke mit diversen Showeinlagen wie zum Beispiel \u00abchlefele\u00bb, \u00abb\u00f6dele\u00bb, \u00abl\u00f6ffele\u00bb, Taler schwingen, \u00abchischtne\u00bb oder \u00abjutze\u00bb. Nach diesem Erfolg entschieden wir uns im Jahr 2002 f\u00fcr einen weiteren Tontr\u00e4ger mit dem Titel \u00abAlls was bruchsch\u00bb und im Sp\u00e4tsommer 2009 durften wir unsere dritte CD mit dem Titel \u00abAbgfahre\u00bb pr\u00e4sentieren.<\/p>\n\n\n\n<p class=\"has-text-align-left\">Unser ausgeflippter Haufen steht heute neu unter musikalischer Leitung von Sonja Brunner. Wir pflegen grunds\u00e4tzlich nach wie vor den Innerschwyzer Musikstil, wagen aber immer wieder einen Blick \u00fcber den Tellerrand hinaus und haben daher ein vielseitiges, spritziges und unterhaltsames Repertoire. Nach dem Tenuewechsel im Jahr 2005 haben wir uns 2019 zus\u00e4tzlich mit einem neu beschrifteten Polo-Shirt eingekleidet. F\u00fcr konzertante Auftritte auf der B\u00fchne tragen wir nach wie vor das bunte Gilet, ansonsten geben wir unsere Musik an urchigen Anl\u00e4ssen auch im Polo-Shirt zum Besten. Seit der Durchf\u00fchrung des eidgen\u00f6ssischen L\u00e4ndlermusikfestes in Stans im Jahre 2007, nehmen wir alle vier Jahre an diesem Fest teil. Mit Bellinzona im Jahr 2023 war es nun bereits unsere f\u00fcnfte Teilnahme.<\/p>\n\n\n\n<p><\/p>\n\n\n\n<p><strong>Aktuelles:<\/strong><\/p>\n\n\n\n<figure class=\"wp-block-image size-large\"><img loading=\"lazy\" decoding=\"async\" width=\"757\" height=\"1024\" src=\"https:\/\/www.oergeliclub-jona.ch\/wp-content\/uploads\/2026\/04\/Screenshot_20260401_133838_OneDrive-757x1024.jpg\" alt=\"\" class=\"wp-image-543\" srcset=\"https:\/\/www.oergeliclub-jona.ch\/wp-content\/uploads\/2026\/04\/Screenshot_20260401_133838_OneDrive-757x1024.jpg 757w, https:\/\/www.oergeliclub-jona.ch\/wp-content\/uploads\/2026\/04\/Screenshot_20260401_133838_OneDrive-222x300.jpg 222w, https:\/\/www.oergeliclub-jona.ch\/wp-content\/uploads\/2026\/04\/Screenshot_20260401_133838_OneDrive-768x1039.jpg 768w, https:\/\/www.oergeliclub-jona.ch\/wp-content\/uploads\/2026\/04\/Screenshot_20260401_133838_OneDrive-300x406.jpg 300w, https:\/\/www.oergeliclub-jona.ch\/wp-content\/uploads\/2026\/04\/Screenshot_20260401_133838_OneDrive-850x1150.jpg 850w, https:\/\/www.oergeliclub-jona.ch\/wp-content\/uploads\/2026\/04\/Screenshot_20260401_133838_OneDrive.jpg 1080w\" sizes=\"auto, (max-width: 757px) 100vw, 757px\" \/><\/figure>\n\n\n\n<ul class=\"wp-block-social-links is-layout-flex wp-block-social-links-is-layout-flex\"><li class=\"wp-social-link wp-social-link-facebook  wp-block-social-link\"><a href=\"https:\/\/www.facebook.com\/share\/1AkWe9327u\/\" class=\"wp-block-social-link-anchor\"><svg width=\"24\" height=\"24\" viewBox=\"0 0 24 24\" version=\"1.1\" xmlns=\"http:\/\/www.w3.org\/2000\/svg\" aria-hidden=\"true\" focusable=\"false\"><path d=\"M12 2C6.5 2 2 6.5 2 12c0 5 3.7 9.1 8.4 9.9v-7H7.9V12h2.5V9.8c0-2.5 1.5-3.9 3.8-3.9 1.1 0 2.2.2 2.2.2v2.5h-1.3c-1.2 0-1.6.8-1.6 1.6V12h2.8l-.4 2.9h-2.3v7C18.3 21.1 22 17 22 12c0-5.5-4.5-10-10-10z\"><\/path><\/svg><span class=\"wp-block-social-link-label screen-reader-text\">Facebook<\/span><\/a><\/li><\/ul>\n\n\n\n<p><\/p>\n","protected":false},"excerpt":{"rendered":"<p>Anfang der 90er Jahre nahm unser damaliger musikalischer Leiter, Leo Beeler, einige seiner langj\u00e4hrigen Sch\u00fcler zusammen und bestritt mit ihnen verschiedene Auftritte. Die Formation wurde im Laufe der Zeit immer gr\u00f6sser, sodass im Jahr 1992 offiziell der Schwyzer\u00f6rgeli-Club Jona gegr\u00fcndet wurde. Eine Gr\u00fcndungsversammlung gab es allerdings nie. Damals wie heute war die F\u00f6rderung der Geselligkeit&#8230;<\/p>\n","protected":false},"author":3,"featured_media":0,"parent":0,"menu_order":0,"comment_status":"closed","ping_status":"closed","template":"","meta":{"footnotes":""},"class_list":["post-2","page","type-page","status-publish","hentry"],"yoast_head":"<!-- This site is optimized with the Yoast SEO plugin v26.8 - https:\/\/yoast.com\/product\/yoast-seo-wordpress\/ -->\n<title>Willkommen beim Schwyzer\u00f6rgeli Club Jona - Schwyzer\u00f6rgeli Club Jona<\/title>\n<meta name=\"robots\" content=\"index, follow, max-snippet:-1, max-image-preview:large, max-video-preview:-1\" \/>\n<link rel=\"canonical\" href=\"https:\/\/www.oergeliclub-jona.ch\/\" \/>\n<meta property=\"og:locale\" content=\"de_DE\" \/>\n<meta property=\"og:type\" content=\"article\" \/>\n<meta property=\"og:title\" content=\"Willkommen beim Schwyzer\u00f6rgeli Club Jona - Schwyzer\u00f6rgeli Club Jona\" \/>\n<meta property=\"og:description\" content=\"Anfang der 90er Jahre nahm unser damaliger musikalischer Leiter, Leo Beeler, einige seiner langj\u00e4hrigen Sch\u00fcler zusammen und bestritt mit ihnen verschiedene Auftritte. Die Formation wurde im Laufe der Zeit immer gr\u00f6sser, sodass im Jahr 1992 offiziell der Schwyzer\u00f6rgeli-Club Jona gegr\u00fcndet wurde. Eine Gr\u00fcndungsversammlung gab es allerdings nie. Damals wie heute war die F\u00f6rderung der Geselligkeit...\" \/>\n<meta property=\"og:url\" content=\"https:\/\/www.oergeliclub-jona.ch\/\" \/>\n<meta property=\"og:site_name\" content=\"Schwyzer\u00f6rgeli Club Jona\" \/>\n<meta property=\"article:modified_time\" content=\"2026-04-01T11:40:32+00:00\" \/>\n<meta property=\"og:image\" content=\"https:\/\/www.oergeliclub-jona.ch\/wp-content\/uploads\/2025\/01\/DSC0093_mit-Dirigentin-scaled.jpg\" \/>\n\t<meta property=\"og:image:width\" content=\"2560\" \/>\n\t<meta property=\"og:image:height\" content=\"1440\" \/>\n\t<meta property=\"og:image:type\" content=\"image\/jpeg\" \/>\n<meta name=\"twitter:card\" content=\"summary_large_image\" \/>\n<meta name=\"twitter:label1\" content=\"Gesch\u00e4tzte Lesezeit\" \/>\n\t<meta name=\"twitter:data1\" content=\"1\u00a0Minute\" \/>\n<script type=\"application\/ld+json\" class=\"yoast-schema-graph\">{\"@context\":\"https:\/\/schema.org\",\"@graph\":[{\"@type\":\"WebPage\",\"@id\":\"https:\/\/www.oergeliclub-jona.ch\/\",\"url\":\"https:\/\/www.oergeliclub-jona.ch\/\",\"name\":\"Willkommen beim Schwyzer\u00f6rgeli Club Jona - Schwyzer\u00f6rgeli Club Jona\",\"isPartOf\":{\"@id\":\"https:\/\/www.oergeliclub-jona.ch\/#website\"},\"primaryImageOfPage\":{\"@id\":\"https:\/\/www.oergeliclub-jona.ch\/#primaryimage\"},\"image\":{\"@id\":\"https:\/\/www.oergeliclub-jona.ch\/#primaryimage\"},\"thumbnailUrl\":\"https:\/\/www.oergeliclub-jona.ch\/wp-content\/uploads\/2025\/01\/DSC0093_mit-Dirigentin-1024x576.jpg\",\"datePublished\":\"2016-05-10T03:48:21+00:00\",\"dateModified\":\"2026-04-01T11:40:32+00:00\",\"breadcrumb\":{\"@id\":\"https:\/\/www.oergeliclub-jona.ch\/#breadcrumb\"},\"inLanguage\":\"de\",\"potentialAction\":[{\"@type\":\"ReadAction\",\"target\":[\"https:\/\/www.oergeliclub-jona.ch\/\"]}]},{\"@type\":\"ImageObject\",\"inLanguage\":\"de\",\"@id\":\"https:\/\/www.oergeliclub-jona.ch\/#primaryimage\",\"url\":\"https:\/\/www.oergeliclub-jona.ch\/wp-content\/uploads\/2025\/01\/DSC0093_mit-Dirigentin-scaled.jpg\",\"contentUrl\":\"https:\/\/www.oergeliclub-jona.ch\/wp-content\/uploads\/2025\/01\/DSC0093_mit-Dirigentin-scaled.jpg\",\"width\":2560,\"height\":1440},{\"@type\":\"BreadcrumbList\",\"@id\":\"https:\/\/www.oergeliclub-jona.ch\/#breadcrumb\",\"itemListElement\":[{\"@type\":\"ListItem\",\"position\":1,\"name\":\"Startseite\",\"item\":\"https:\/\/www.oergeliclub-jona.ch\/\"},{\"@type\":\"ListItem\",\"position\":2,\"name\":\"Willkommen beim Schwyzer\u00f6rgeli Club Jona\"}]},{\"@type\":\"WebSite\",\"@id\":\"https:\/\/www.oergeliclub-jona.ch\/#website\",\"url\":\"https:\/\/www.oergeliclub-jona.ch\/\",\"name\":\"Schwyzer\u00f6rgeli Club Jona\",\"description\":\"\",\"publisher\":{\"@id\":\"https:\/\/www.oergeliclub-jona.ch\/#organization\"},\"potentialAction\":[{\"@type\":\"SearchAction\",\"target\":{\"@type\":\"EntryPoint\",\"urlTemplate\":\"https:\/\/www.oergeliclub-jona.ch\/?s={search_term_string}\"},\"query-input\":{\"@type\":\"PropertyValueSpecification\",\"valueRequired\":true,\"valueName\":\"search_term_string\"}}],\"inLanguage\":\"de\"},{\"@type\":\"Organization\",\"@id\":\"https:\/\/www.oergeliclub-jona.ch\/#organization\",\"name\":\"Schwyzer\u00f6rgeli Club Jona\",\"url\":\"https:\/\/www.oergeliclub-jona.ch\/\",\"logo\":{\"@type\":\"ImageObject\",\"inLanguage\":\"de\",\"@id\":\"https:\/\/www.oergeliclub-jona.ch\/#\/schema\/logo\/image\/\",\"url\":\"https:\/\/www.oergeliclub-jona.ch\/wp-content\/uploads\/2024\/12\/cropped-cropped-logo4-1.jpg\",\"contentUrl\":\"https:\/\/www.oergeliclub-jona.ch\/wp-content\/uploads\/2024\/12\/cropped-cropped-logo4-1.jpg\",\"width\":659,\"height\":354,\"caption\":\"Schwyzer\u00f6rgeli Club Jona\"},\"image\":{\"@id\":\"https:\/\/www.oergeliclub-jona.ch\/#\/schema\/logo\/image\/\"}}]}<\/script>\n<!-- \/ Yoast SEO plugin. -->","yoast_head_json":{"title":"Willkommen beim Schwyzer\u00f6rgeli Club Jona - Schwyzer\u00f6rgeli Club Jona","robots":{"index":"index","follow":"follow","max-snippet":"max-snippet:-1","max-image-preview":"max-image-preview:large","max-video-preview":"max-video-preview:-1"},"canonical":"https:\/\/www.oergeliclub-jona.ch\/","og_locale":"de_DE","og_type":"article","og_title":"Willkommen beim Schwyzer\u00f6rgeli Club Jona - Schwyzer\u00f6rgeli Club Jona","og_description":"Anfang der 90er Jahre nahm unser damaliger musikalischer Leiter, Leo Beeler, einige seiner langj\u00e4hrigen Sch\u00fcler zusammen und bestritt mit ihnen verschiedene Auftritte. Die Formation wurde im Laufe der Zeit immer gr\u00f6sser, sodass im Jahr 1992 offiziell der Schwyzer\u00f6rgeli-Club Jona gegr\u00fcndet wurde. Eine Gr\u00fcndungsversammlung gab es allerdings nie. Damals wie heute war die F\u00f6rderung der Geselligkeit...","og_url":"https:\/\/www.oergeliclub-jona.ch\/","og_site_name":"Schwyzer\u00f6rgeli Club Jona","article_modified_time":"2026-04-01T11:40:32+00:00","og_image":[{"width":2560,"height":1440,"url":"https:\/\/www.oergeliclub-jona.ch\/wp-content\/uploads\/2025\/01\/DSC0093_mit-Dirigentin-scaled.jpg","type":"image\/jpeg"}],"twitter_card":"summary_large_image","twitter_misc":{"Gesch\u00e4tzte Lesezeit":"1\u00a0Minute"},"schema":{"@context":"https:\/\/schema.org","@graph":[{"@type":"WebPage","@id":"https:\/\/www.oergeliclub-jona.ch\/","url":"https:\/\/www.oergeliclub-jona.ch\/","name":"Willkommen beim Schwyzer\u00f6rgeli Club Jona - Schwyzer\u00f6rgeli Club Jona","isPartOf":{"@id":"https:\/\/www.oergeliclub-jona.ch\/#website"},"primaryImageOfPage":{"@id":"https:\/\/www.oergeliclub-jona.ch\/#primaryimage"},"image":{"@id":"https:\/\/www.oergeliclub-jona.ch\/#primaryimage"},"thumbnailUrl":"https:\/\/www.oergeliclub-jona.ch\/wp-content\/uploads\/2025\/01\/DSC0093_mit-Dirigentin-1024x576.jpg","datePublished":"2016-05-10T03:48:21+00:00","dateModified":"2026-04-01T11:40:32+00:00","breadcrumb":{"@id":"https:\/\/www.oergeliclub-jona.ch\/#breadcrumb"},"inLanguage":"de","potentialAction":[{"@type":"ReadAction","target":["https:\/\/www.oergeliclub-jona.ch\/"]}]},{"@type":"ImageObject","inLanguage":"de","@id":"https:\/\/www.oergeliclub-jona.ch\/#primaryimage","url":"https:\/\/www.oergeliclub-jona.ch\/wp-content\/uploads\/2025\/01\/DSC0093_mit-Dirigentin-scaled.jpg","contentUrl":"https:\/\/www.oergeliclub-jona.ch\/wp-content\/uploads\/2025\/01\/DSC0093_mit-Dirigentin-scaled.jpg","width":2560,"height":1440},{"@type":"BreadcrumbList","@id":"https:\/\/www.oergeliclub-jona.ch\/#breadcrumb","itemListElement":[{"@type":"ListItem","position":1,"name":"Startseite","item":"https:\/\/www.oergeliclub-jona.ch\/"},{"@type":"ListItem","position":2,"name":"Willkommen beim Schwyzer\u00f6rgeli Club Jona"}]},{"@type":"WebSite","@id":"https:\/\/www.oergeliclub-jona.ch\/#website","url":"https:\/\/www.oergeliclub-jona.ch\/","name":"Schwyzer\u00f6rgeli Club Jona","description":"","publisher":{"@id":"https:\/\/www.oergeliclub-jona.ch\/#organization"},"potentialAction":[{"@type":"SearchAction","target":{"@type":"EntryPoint","urlTemplate":"https:\/\/www.oergeliclub-jona.ch\/?s={search_term_string}"},"query-input":{"@type":"PropertyValueSpecification","valueRequired":true,"valueName":"search_term_string"}}],"inLanguage":"de"},{"@type":"Organization","@id":"https:\/\/www.oergeliclub-jona.ch\/#organization","name":"Schwyzer\u00f6rgeli Club Jona","url":"https:\/\/www.oergeliclub-jona.ch\/","logo":{"@type":"ImageObject","inLanguage":"de","@id":"https:\/\/www.oergeliclub-jona.ch\/#\/schema\/logo\/image\/","url":"https:\/\/www.oergeliclub-jona.ch\/wp-content\/uploads\/2024\/12\/cropped-cropped-logo4-1.jpg","contentUrl":"https:\/\/www.oergeliclub-jona.ch\/wp-content\/uploads\/2024\/12\/cropped-cropped-logo4-1.jpg","width":659,"height":354,"caption":"Schwyzer\u00f6rgeli Club Jona"},"image":{"@id":"https:\/\/www.oergeliclub-jona.ch\/#\/schema\/logo\/image\/"}}]}},"_links":{"self":[{"href":"https:\/\/www.oergeliclub-jona.ch\/index.php?rest_route=\/wp\/v2\/pages\/2","targetHints":{"allow":["GET"]}}],"collection":[{"href":"https:\/\/www.oergeliclub-jona.ch\/index.php?rest_route=\/wp\/v2\/pages"}],"about":[{"href":"https:\/\/www.oergeliclub-jona.ch\/index.php?rest_route=\/wp\/v2\/types\/page"}],"author":[{"embeddable":true,"href":"https:\/\/www.oergeliclub-jona.ch\/index.php?rest_route=\/wp\/v2\/users\/3"}],"replies":[{"embeddable":true,"href":"https:\/\/www.oergeliclub-jona.ch\/index.php?rest_route=%2Fwp%2Fv2%2Fcomments&post=2"}],"version-history":[{"count":27,"href":"https:\/\/www.oergeliclub-jona.ch\/index.php?rest_route=\/wp\/v2\/pages\/2\/revisions"}],"predecessor-version":[{"id":544,"href":"https:\/\/www.oergeliclub-jona.ch\/index.php?rest_route=\/wp\/v2\/pages\/2\/revisions\/544"}],"wp:attachment":[{"href":"https:\/\/www.oergeliclub-jona.ch\/index.php?rest_route=%2Fwp%2Fv2%2Fmedia&parent=2"}],"curies":[{"name":"wp","href":"https:\/\/api.w.org\/{rel}","templated":true}]}}