{"id":250,"date":"2021-11-06T10:09:39","date_gmt":"2021-11-06T10:09:39","guid":{"rendered":"https:\/\/www.aspwaldoergeler.ch\/?page_id=250"},"modified":"2021-11-06T10:13:14","modified_gmt":"2021-11-06T10:13:14","slug":"gaestebuch-der-aspwald-oergeler","status":"publish","type":"page","link":"https:\/\/www.oergeliclub-jona.ch\/?page_id=250","title":{"rendered":"G\u00e4stebuch"},"content":{"rendered":"<p>Hinterlasse dein Kommentar im G\u00e4stebuch<br \/>\n<div class=\"gwolle-gb\"><div class=\"gwolle-gb-messages-top-container\"><\/div>\n\t\t\t<div class=\"gwolle-gb-write-button\">\n\t\t\t\t<input type=\"button\" name=\"gwolle-gb-write-button\" class=\"button btn btn-default \" value=\"Neuen Eintrag schreiben\" aria-expanded=\"false\" \/>\n\t\t\t<\/div>\n\t\t\t<form action=\"#\" method=\"POST\" class=\"gwolle-gb-write gwolle-gb-hide gwolle-gb-float gwolle-gb-form-ajax gwolle-gb-ajax gwolle-gb-not-logged-in\">\n\t\t\t\t<h3>Einen neuen Eintrag f\u00fcr das G\u00e4stebuch schreiben<\/h3>\n\t\t\t\t<button type=\"button\" class=\"gb-notice-dismiss\">x<span class=\"screen-reader-text\">Dieses Formular ausblenden<\/span><\/button>\n\t\t\t\n\t\t\t\t<input type=\"hidden\" name=\"gwolle_gb_function\" class=\"gwolle_gb_function\" value=\"add_entry\" \/><input type=\"hidden\" name=\"gwolle_gb_book_id\" class=\"gwolle_gb_book_id\" value=\"1\" \/><div class=\"gwolle_gb_3bc1aa19f3556f34c90ce3990a329e86\">\n\t\t\t\t<div class=\"label\"><label for=\"gwolle_gb_3bc1aa19f3556f34c90ce3990a329e86-1\" class=\"text-info\">Name <span class=\"required\">*<\/span><\/label><\/div>\n\t\t\t\t<div class=\"input\"><input class=\"wp-exclude-emoji gwolle_gb_3bc1aa19f3556f34c90ce3990a329e86\" value=\"\" type=\"text\" id=\"gwolle_gb_3bc1aa19f3556f34c90ce3990a329e86-1\" name=\"gwolle_gb_3bc1aa19f3556f34c90ce3990a329e86\" required \/><\/div>\n\t\t\t\t<div class=\"clearBoth\">&nbsp;<\/div>\n\t\t\t<\/div><div class=\"gwolle_gb_0e343ff7f9b3c36db17d5676828af219\">\n\t\t\t\t\t<div class=\"label\"><label for=\"gwolle_gb_0e343ff7f9b3c36db17d5676828af219-1\" class=\"text-info\">Stadt<\/label><\/div>\n\t\t\t\t\t<div class=\"input\"><input class=\"wp-exclude-emoji gwolle_gb_0e343ff7f9b3c36db17d5676828af219\" value=\"\" type=\"text\" id=\"gwolle_gb_0e343ff7f9b3c36db17d5676828af219-1\" name=\"gwolle_gb_0e343ff7f9b3c36db17d5676828af219\" \/><\/div>\n\t\t\t\t\t<div class=\"clearBoth\">&nbsp;<\/div>\n\t\t\t\t<\/div><div class=\"gwolle_gb_899c9111f1a579fe578e83634b37573c\">\n\t\t\t\t<div class=\"label\"><label for=\"gwolle_gb_899c9111f1a579fe578e83634b37573c-1\" class=\"text-info\">E-Mail <span class=\"required\">*<\/span><\/label><\/div>\n\t\t\t\t<div class=\"input\"><input class=\"gwolle_gb_899c9111f1a579fe578e83634b37573c\" value=\"\" type=\"email\" id=\"gwolle_gb_899c9111f1a579fe578e83634b37573c-1\" name=\"gwolle_gb_899c9111f1a579fe578e83634b37573c\" required \/><\/div>\n\t\t\t\t<div class=\"clearBoth\">&nbsp;<\/div>\n\t\t\t<\/div>\n\t\t\t<div class=\"gwolle_gb_d81b8edce10338f198f9f38771c65a1a\" style=\"display:none;overflow:hidden;\" hidden=\"true\" aria-hidden=\"true\">\n\t\t\t\t<div class=\"label\">\n\t\t\t\t\t<label for=\"gwolle_gb_d81b8edce10338f198f9f38771c65a1a-1\" class=\"text-primary\">Hier nichts eingeben<\/label>\n\t\t\t\t\t<label for=\"gwolle_gb_95fdf177c160a8232e3b2438151a5e9c-1\" class=\"text-primary\">Hier nichts eingeben<\/label>\n\t\t\t\t<\/div>\n\t\t\t\t<div class=\"input\">\n\t\t\t\t\t<input value=\"75\" type=\"text\" id=\"gwolle_gb_d81b8edce10338f198f9f38771c65a1a-1\" name=\"gwolle_gb_d81b8edce10338f198f9f38771c65a1a\" class=\"gwolle_gb_d81b8edce10338f198f9f38771c65a1a\" style=\"transform: translateY(10000px);\" \/>\n\t\t\t\t\t<input value=\"\" type=\"text\" name=\"gwolle_gb_95fdf177c160a8232e3b2438151a5e9c\" id=\"gwolle_gb_95fdf177c160a8232e3b2438151a5e9c-1\" class=\"gwolle_gb_95fdf177c160a8232e3b2438151a5e9c\" style=\"transform: translateY(10000px);\" \/>\n\t\t\t\t<\/div>\n\t\t\t\t<div class=\"clearBoth\"><\/div>\n\t\t\t<\/div>\n\t\t\t<div class=\"gwolle_gb_6e17914bb8d23bf5123fd14f9c4a9a23\" style=\"display:none;overflow:hidden;\" hidden=\"true\" aria-hidden=\"true\">\n\t\t\t\t<div class=\"label\">\n\t\t\t\t\t<label for=\"gwolle_gb_6e17914bb8d23bf5123fd14f9c4a9a23-1\" class=\"text-primary\">Hier nichts eingeben<\/label>\n\t\t\t\t\t<label for=\"gwolle_gb_32b46c38f3417dc83e6229ee03f339a7-1\" class=\"text-primary\">Hier nichts eingeben<\/label>\n\t\t\t\t<\/div>\n\t\t\t\t<div class=\"input\">\n\t\t\t\t\t<input value=\"30322\" type=\"text\" id=\"gwolle_gb_6e17914bb8d23bf5123fd14f9c4a9a23-1\" name=\"gwolle_gb_6e17914bb8d23bf5123fd14f9c4a9a23\" class=\"gwolle_gb_6e17914bb8d23bf5123fd14f9c4a9a23\" style=\"transform: translateY(10000px);\" \/>\n\t\t\t\t\t<input value=\"30322\" type=\"text\"id=\"gwolle_gb_32b46c38f3417dc83e6229ee03f339a7-1\" name=\"gwolle_gb_32b46c38f3417dc83e6229ee03f339a7\" class=\"gwolle_gb_32b46c38f3417dc83e6229ee03f339a7\" style=\"transform: translateY(10000px);\" \/>\n\t\t\t\t<\/div>\n\t\t\t\t<div class=\"clearBoth\"><\/div>\n\t\t\t<\/div><div class=\"gwolle_gb_content\">\n\t\t\t\t<div class=\"label\"><label for=\"gwolle_gb_content-1\" class=\"text-info\">G\u00e4stebucheintrag <span class=\"required\">*<\/span><\/label><\/div>\n\t\t\t\t<div class=\"input\"><textarea id=\"gwolle_gb_content-1\" name=\"gwolle_gb_content\" class=\"gwolle_gb_content wp-exclude-emoji\" required ><\/textarea><\/div>\n\t\t\t\t\t<div class=\"clearBoth\">&nbsp;<\/div>\n\t\t\t\t<\/div><input type=\"hidden\" class=\"gwolle_gb_f9e9cf697726ab2b19d66200af9b91e0\" id=\"gwolle_gb_f9e9cf697726ab2b19d66200af9b91e0-1\" name=\"gwolle_gb_f9e9cf697726ab2b19d66200af9b91e0\" value=\"c031ee8d97\" \/>\n\t\t\t<div class=\"gwolle-gb-messages-bottom-container\"><\/div>\n\n\t\t\t<noscript><div class=\"no-js\">Warnung: Dieses Formular kann nur verwendet werden, wenn in deinem Browser JavaScript aktiviert ist.<\/div><\/noscript>\n\n\t\t\t<div class=\"gwolle_gb_submit gwolle-gb-submit\">\n\t\t\t\t<div class=\"label gwolle-gb-invisible text-muted\">&nbsp;<\/div>\n\t\t\t\t<div class=\"input\">\n\t\t\t\t\t<input type=\"submit\" name=\"gwolle_gb_submit\" class=\"gwolle_gb_submit button btn btn-primary \" value=\"Absenden\" \/>\n\t\t\t\t\t<span class=\"gwolle_gb_submit_ajax_icon gwolle-gb-submit-ajax-icon\"><\/span>\n\t\t\t\n\t\t\t\t<\/div>\n\t\t\t\t<div class=\"clearBoth\">&nbsp;<\/div>\n\t\t\t<\/div>\n\n\t\t\t<div class=\"gwolle_gb_notice gwolle-gb-notice\">\n\t\t\t\tEs ist m\u00f6glich, dass dein Eintrag im G\u00e4stebuch erst sichtbar ist, nachdem wir ihn \u00fcberpr\u00fcft haben.\n\t\t\t<\/div><\/form><div class=\"gwolle-gb-read gwolle-gb-ajax gwolle-gb-entries-list\" data-book_id=\"1\">(Noch keine Eintr\u00e4ge)<\/div><\/div><\/p>\n","protected":false},"excerpt":{"rendered":"<p>Hinterlasse dein Kommentar im G\u00e4stebuch<\/p>\n","protected":false},"author":3,"featured_media":0,"parent":0,"menu_order":0,"comment_status":"closed","ping_status":"closed","template":"","meta":{"footnotes":""},"class_list":["post-250","page","type-page","status-publish","hentry"],"yoast_head":"<!-- This site is optimized with the Yoast SEO plugin v26.8 - https:\/\/yoast.com\/product\/yoast-seo-wordpress\/ -->\n<title>G\u00e4stebuch - Schwyzer\u00f6rgeli Club Jona<\/title>\n<meta name=\"robots\" content=\"index, follow, max-snippet:-1, max-image-preview:large, max-video-preview:-1\" \/>\n<link rel=\"canonical\" href=\"https:\/\/www.oergeliclub-jona.ch\/?page_id=250\" \/>\n<meta property=\"og:locale\" content=\"de_DE\" \/>\n<meta property=\"og:type\" content=\"article\" \/>\n<meta property=\"og:title\" content=\"G\u00e4stebuch - Schwyzer\u00f6rgeli Club Jona\" \/>\n<meta property=\"og:description\" content=\"Hinterlasse dein Kommentar im G\u00e4stebuch\" \/>\n<meta property=\"og:url\" content=\"https:\/\/www.oergeliclub-jona.ch\/?page_id=250\" \/>\n<meta property=\"og:site_name\" content=\"Schwyzer\u00f6rgeli Club Jona\" \/>\n<meta property=\"article:modified_time\" content=\"2021-11-06T10:13:14+00:00\" \/>\n<meta name=\"twitter:card\" content=\"summary_large_image\" \/>\n<meta name=\"twitter:label1\" content=\"Gesch\u00e4tzte Lesezeit\" \/>\n\t<meta name=\"twitter:data1\" content=\"1\u00a0Minute\" \/>\n<script type=\"application\/ld+json\" class=\"yoast-schema-graph\">{\"@context\":\"https:\/\/schema.org\",\"@graph\":[{\"@type\":\"WebPage\",\"@id\":\"https:\/\/www.oergeliclub-jona.ch\/?page_id=250\",\"url\":\"https:\/\/www.oergeliclub-jona.ch\/?page_id=250\",\"name\":\"G\u00e4stebuch - Schwyzer\u00f6rgeli Club Jona\",\"isPartOf\":{\"@id\":\"https:\/\/www.oergeliclub-jona.ch\/#website\"},\"datePublished\":\"2021-11-06T10:09:39+00:00\",\"dateModified\":\"2021-11-06T10:13:14+00:00\",\"breadcrumb\":{\"@id\":\"https:\/\/www.oergeliclub-jona.ch\/?page_id=250#breadcrumb\"},\"inLanguage\":\"de\",\"potentialAction\":[{\"@type\":\"ReadAction\",\"target\":[\"https:\/\/www.oergeliclub-jona.ch\/?page_id=250\"]}]},{\"@type\":\"BreadcrumbList\",\"@id\":\"https:\/\/www.oergeliclub-jona.ch\/?page_id=250#breadcrumb\",\"itemListElement\":[{\"@type\":\"ListItem\",\"position\":1,\"name\":\"Startseite\",\"item\":\"https:\/\/www.oergeliclub-jona.ch\/\"},{\"@type\":\"ListItem\",\"position\":2,\"name\":\"G\u00e4stebuch\"}]},{\"@type\":\"WebSite\",\"@id\":\"https:\/\/www.oergeliclub-jona.ch\/#website\",\"url\":\"https:\/\/www.oergeliclub-jona.ch\/\",\"name\":\"Schwyzer\u00f6rgeli Club Jona\",\"description\":\"\",\"publisher\":{\"@id\":\"https:\/\/www.oergeliclub-jona.ch\/#organization\"},\"potentialAction\":[{\"@type\":\"SearchAction\",\"target\":{\"@type\":\"EntryPoint\",\"urlTemplate\":\"https:\/\/www.oergeliclub-jona.ch\/?s={search_term_string}\"},\"query-input\":{\"@type\":\"PropertyValueSpecification\",\"valueRequired\":true,\"valueName\":\"search_term_string\"}}],\"inLanguage\":\"de\"},{\"@type\":\"Organization\",\"@id\":\"https:\/\/www.oergeliclub-jona.ch\/#organization\",\"name\":\"Schwyzer\u00f6rgeli Club Jona\",\"url\":\"https:\/\/www.oergeliclub-jona.ch\/\",\"logo\":{\"@type\":\"ImageObject\",\"inLanguage\":\"de\",\"@id\":\"https:\/\/www.oergeliclub-jona.ch\/#\/schema\/logo\/image\/\",\"url\":\"https:\/\/www.oergeliclub-jona.ch\/wp-content\/uploads\/2024\/12\/cropped-cropped-logo4-1.jpg\",\"contentUrl\":\"https:\/\/www.oergeliclub-jona.ch\/wp-content\/uploads\/2024\/12\/cropped-cropped-logo4-1.jpg\",\"width\":659,\"height\":354,\"caption\":\"Schwyzer\u00f6rgeli Club Jona\"},\"image\":{\"@id\":\"https:\/\/www.oergeliclub-jona.ch\/#\/schema\/logo\/image\/\"}}]}<\/script>\n<!-- \/ Yoast SEO plugin. -->","yoast_head_json":{"title":"G\u00e4stebuch - Schwyzer\u00f6rgeli Club Jona","robots":{"index":"index","follow":"follow","max-snippet":"max-snippet:-1","max-image-preview":"max-image-preview:large","max-video-preview":"max-video-preview:-1"},"canonical":"https:\/\/www.oergeliclub-jona.ch\/?page_id=250","og_locale":"de_DE","og_type":"article","og_title":"G\u00e4stebuch - Schwyzer\u00f6rgeli Club Jona","og_description":"Hinterlasse dein Kommentar im G\u00e4stebuch","og_url":"https:\/\/www.oergeliclub-jona.ch\/?page_id=250","og_site_name":"Schwyzer\u00f6rgeli Club Jona","article_modified_time":"2021-11-06T10:13:14+00:00","twitter_card":"summary_large_image","twitter_misc":{"Gesch\u00e4tzte Lesezeit":"1\u00a0Minute"},"schema":{"@context":"https:\/\/schema.org","@graph":[{"@type":"WebPage","@id":"https:\/\/www.oergeliclub-jona.ch\/?page_id=250","url":"https:\/\/www.oergeliclub-jona.ch\/?page_id=250","name":"G\u00e4stebuch - Schwyzer\u00f6rgeli Club Jona","isPartOf":{"@id":"https:\/\/www.oergeliclub-jona.ch\/#website"},"datePublished":"2021-11-06T10:09:39+00:00","dateModified":"2021-11-06T10:13:14+00:00","breadcrumb":{"@id":"https:\/\/www.oergeliclub-jona.ch\/?page_id=250#breadcrumb"},"inLanguage":"de","potentialAction":[{"@type":"ReadAction","target":["https:\/\/www.oergeliclub-jona.ch\/?page_id=250"]}]},{"@type":"BreadcrumbList","@id":"https:\/\/www.oergeliclub-jona.ch\/?page_id=250#breadcrumb","itemListElement":[{"@type":"ListItem","position":1,"name":"Startseite","item":"https:\/\/www.oergeliclub-jona.ch\/"},{"@type":"ListItem","position":2,"name":"G\u00e4stebuch"}]},{"@type":"WebSite","@id":"https:\/\/www.oergeliclub-jona.ch\/#website","url":"https:\/\/www.oergeliclub-jona.ch\/","name":"Schwyzer\u00f6rgeli Club Jona","description":"","publisher":{"@id":"https:\/\/www.oergeliclub-jona.ch\/#organization"},"potentialAction":[{"@type":"SearchAction","target":{"@type":"EntryPoint","urlTemplate":"https:\/\/www.oergeliclub-jona.ch\/?s={search_term_string}"},"query-input":{"@type":"PropertyValueSpecification","valueRequired":true,"valueName":"search_term_string"}}],"inLanguage":"de"},{"@type":"Organization","@id":"https:\/\/www.oergeliclub-jona.ch\/#organization","name":"Schwyzer\u00f6rgeli Club Jona","url":"https:\/\/www.oergeliclub-jona.ch\/","logo":{"@type":"ImageObject","inLanguage":"de","@id":"https:\/\/www.oergeliclub-jona.ch\/#\/schema\/logo\/image\/","url":"https:\/\/www.oergeliclub-jona.ch\/wp-content\/uploads\/2024\/12\/cropped-cropped-logo4-1.jpg","contentUrl":"https:\/\/www.oergeliclub-jona.ch\/wp-content\/uploads\/2024\/12\/cropped-cropped-logo4-1.jpg","width":659,"height":354,"caption":"Schwyzer\u00f6rgeli Club Jona"},"image":{"@id":"https:\/\/www.oergeliclub-jona.ch\/#\/schema\/logo\/image\/"}}]}},"_links":{"self":[{"href":"https:\/\/www.oergeliclub-jona.ch\/index.php?rest_route=\/wp\/v2\/pages\/250","targetHints":{"allow":["GET"]}}],"collection":[{"href":"https:\/\/www.oergeliclub-jona.ch\/index.php?rest_route=\/wp\/v2\/pages"}],"about":[{"href":"https:\/\/www.oergeliclub-jona.ch\/index.php?rest_route=\/wp\/v2\/types\/page"}],"author":[{"embeddable":true,"href":"https:\/\/www.oergeliclub-jona.ch\/index.php?rest_route=\/wp\/v2\/users\/3"}],"replies":[{"embeddable":true,"href":"https:\/\/www.oergeliclub-jona.ch\/index.php?rest_route=%2Fwp%2Fv2%2Fcomments&post=250"}],"version-history":[{"count":3,"href":"https:\/\/www.oergeliclub-jona.ch\/index.php?rest_route=\/wp\/v2\/pages\/250\/revisions"}],"predecessor-version":[{"id":254,"href":"https:\/\/www.oergeliclub-jona.ch\/index.php?rest_route=\/wp\/v2\/pages\/250\/revisions\/254"}],"wp:attachment":[{"href":"https:\/\/www.oergeliclub-jona.ch\/index.php?rest_route=%2Fwp%2Fv2%2Fmedia&parent=250"}],"curies":[{"name":"wp","href":"https:\/\/api.w.org\/{rel}","templated":true}]}}