{"id":266,"date":"2022-01-04T18:56:19","date_gmt":"2022-01-04T18:56:19","guid":{"rendered":"https:\/\/www.aspwaldoergeler.ch\/?page_id=266"},"modified":"2025-01-13T13:16:29","modified_gmt":"2025-01-13T13:16:29","slug":"ueber-uns","status":"publish","type":"page","link":"https:\/\/www.oergeliclub-jona.ch\/?page_id=266","title":{"rendered":"Vorstand"},"content":{"rendered":"\n<div class=\"wp-block-media-text is-stacked-on-mobile\" style=\"grid-template-columns:44% auto\"><figure class=\"wp-block-media-text__media\"><img loading=\"lazy\" decoding=\"async\" width=\"1350\" height=\"1801\" src=\"https:\/\/www.oergeliclub-jona.ch\/wp-content\/uploads\/2024\/09\/Foto-Huess_0286_B-edited.jpg\" alt=\"Portrait Ruth Helbling\" class=\"wp-image-392 size-full\" srcset=\"https:\/\/www.oergeliclub-jona.ch\/wp-content\/uploads\/2024\/09\/Foto-Huess_0286_B-edited.jpg 1350w, https:\/\/www.oergeliclub-jona.ch\/wp-content\/uploads\/2024\/09\/Foto-Huess_0286_B-edited-225x300.jpg 225w, https:\/\/www.oergeliclub-jona.ch\/wp-content\/uploads\/2024\/09\/Foto-Huess_0286_B-edited-768x1025.jpg 768w, https:\/\/www.oergeliclub-jona.ch\/wp-content\/uploads\/2024\/09\/Foto-Huess_0286_B-edited-1151x1536.jpg 1151w\" sizes=\"auto, (max-width: 1350px) 100vw, 1350px\" \/><\/figure><div class=\"wp-block-media-text__content\">\n<p><strong>Ruth Helbling<\/strong><\/p>\n\n\n\n<p>Pr\u00e4sidentin<\/p>\n<\/div><\/div>\n\n\n\n<p><\/p>\n\n\n\n<div class=\"wp-block-media-text is-stacked-on-mobile\" style=\"grid-template-columns:44% auto\"><figure class=\"wp-block-media-text__media\"><img loading=\"lazy\" decoding=\"async\" width=\"1242\" height=\"1656\" src=\"https:\/\/www.oergeliclub-jona.ch\/wp-content\/uploads\/2024\/09\/Foto-Huess_0474_B-edited.jpg\" alt=\"\" class=\"wp-image-391 size-full\" srcset=\"https:\/\/www.oergeliclub-jona.ch\/wp-content\/uploads\/2024\/09\/Foto-Huess_0474_B-edited.jpg 1242w, https:\/\/www.oergeliclub-jona.ch\/wp-content\/uploads\/2024\/09\/Foto-Huess_0474_B-edited-225x300.jpg 225w, https:\/\/www.oergeliclub-jona.ch\/wp-content\/uploads\/2024\/09\/Foto-Huess_0474_B-edited-768x1024.jpg 768w, https:\/\/www.oergeliclub-jona.ch\/wp-content\/uploads\/2024\/09\/Foto-Huess_0474_B-edited-1152x1536.jpg 1152w\" sizes=\"auto, (max-width: 1242px) 100vw, 1242px\" \/><\/figure><div class=\"wp-block-media-text__content\">\n<p><strong>Anita Hiestand<\/strong><\/p>\n\n\n\n<p>Sekret\u00e4rin, Vizepr\u00e4sidentin<\/p>\n<\/div><\/div>\n\n\n\n<p><\/p>\n\n\n\n<div class=\"wp-block-media-text is-stacked-on-mobile\" style=\"grid-template-columns:44% auto\"><figure class=\"wp-block-media-text__media\"><img loading=\"lazy\" decoding=\"async\" width=\"1653\" height=\"2204\" src=\"https:\/\/www.oergeliclub-jona.ch\/wp-content\/uploads\/2024\/09\/Foto-Huess_0310_B-edited.jpg\" alt=\"\" class=\"wp-image-390 size-full\" srcset=\"https:\/\/www.oergeliclub-jona.ch\/wp-content\/uploads\/2024\/09\/Foto-Huess_0310_B-edited.jpg 1653w, https:\/\/www.oergeliclub-jona.ch\/wp-content\/uploads\/2024\/09\/Foto-Huess_0310_B-edited-225x300.jpg 225w, https:\/\/www.oergeliclub-jona.ch\/wp-content\/uploads\/2024\/09\/Foto-Huess_0310_B-edited-768x1024.jpg 768w, https:\/\/www.oergeliclub-jona.ch\/wp-content\/uploads\/2024\/09\/Foto-Huess_0310_B-edited-1152x1536.jpg 1152w, https:\/\/www.oergeliclub-jona.ch\/wp-content\/uploads\/2024\/09\/Foto-Huess_0310_B-edited-1536x2048.jpg 1536w, https:\/\/www.oergeliclub-jona.ch\/wp-content\/uploads\/2024\/09\/Foto-Huess_0310_B-edited-1600x2133.jpg 1600w\" sizes=\"auto, (max-width: 1653px) 100vw, 1653px\" \/><\/figure><div class=\"wp-block-media-text__content\">\n<p><strong>Urs Furrer<\/strong><\/p>\n\n\n\n<p>Kassier<\/p>\n<\/div><\/div>\n\n\n\n<p><\/p>\n\n\n\n<div class=\"wp-block-media-text is-stacked-on-mobile\" style=\"grid-template-columns:44% auto\"><figure class=\"wp-block-media-text__media\"><img loading=\"lazy\" decoding=\"async\" width=\"1342\" height=\"1790\" src=\"https:\/\/www.oergeliclub-jona.ch\/wp-content\/uploads\/2024\/09\/Foto-Huess_0498_B-edited.jpg\" alt=\"\" class=\"wp-image-393 size-full\" srcset=\"https:\/\/www.oergeliclub-jona.ch\/wp-content\/uploads\/2024\/09\/Foto-Huess_0498_B-edited.jpg 1342w, https:\/\/www.oergeliclub-jona.ch\/wp-content\/uploads\/2024\/09\/Foto-Huess_0498_B-edited-225x300.jpg 225w, https:\/\/www.oergeliclub-jona.ch\/wp-content\/uploads\/2024\/09\/Foto-Huess_0498_B-edited-768x1024.jpg 768w, https:\/\/www.oergeliclub-jona.ch\/wp-content\/uploads\/2024\/09\/Foto-Huess_0498_B-edited-1152x1536.jpg 1152w\" sizes=\"auto, (max-width: 1342px) 100vw, 1342px\" \/><\/figure><div class=\"wp-block-media-text__content\">\n<p><strong>Joel B\u00fcsser<\/strong><\/p>\n\n\n\n<p>Aktuar<\/p>\n<\/div><\/div>\n\n\n\n<p><\/p>\n\n\n\n<div class=\"wp-block-media-text is-stacked-on-mobile\" style=\"grid-template-columns:44% auto\"><figure class=\"wp-block-media-text__media\"><img loading=\"lazy\" decoding=\"async\" width=\"811\" height=\"1024\" src=\"https:\/\/www.oergeliclub-jona.ch\/wp-content\/uploads\/2025\/01\/DSC_0044_Web_1-811x1024.jpg\" alt=\"\" class=\"wp-image-516 size-full\" srcset=\"https:\/\/www.oergeliclub-jona.ch\/wp-content\/uploads\/2025\/01\/DSC_0044_Web_1-811x1024.jpg 811w, https:\/\/www.oergeliclub-jona.ch\/wp-content\/uploads\/2025\/01\/DSC_0044_Web_1-238x300.jpg 238w, https:\/\/www.oergeliclub-jona.ch\/wp-content\/uploads\/2025\/01\/DSC_0044_Web_1-768x970.jpg 768w, https:\/\/www.oergeliclub-jona.ch\/wp-content\/uploads\/2025\/01\/DSC_0044_Web_1-1216x1536.jpg 1216w, https:\/\/www.oergeliclub-jona.ch\/wp-content\/uploads\/2025\/01\/DSC_0044_Web_1-1622x2048.jpg 1622w, https:\/\/www.oergeliclub-jona.ch\/wp-content\/uploads\/2025\/01\/DSC_0044_Web_1-300x379.jpg 300w, https:\/\/www.oergeliclub-jona.ch\/wp-content\/uploads\/2025\/01\/DSC_0044_Web_1-850x1073.jpg 850w, https:\/\/www.oergeliclub-jona.ch\/wp-content\/uploads\/2025\/01\/DSC_0044_Web_1.jpg 1854w\" sizes=\"auto, (max-width: 811px) 100vw, 811px\" \/><\/figure><div class=\"wp-block-media-text__content\">\n<p><strong>Sonja Brunner<\/strong><\/p>\n\n\n\n<p>Musikalische Leiterin<\/p>\n<\/div><\/div>\n","protected":false},"excerpt":{"rendered":"<p>Ruth Helbling Pr\u00e4sidentin Anita Hiestand Sekret\u00e4rin, Vizepr\u00e4sidentin Urs Furrer Kassier Joel B\u00fcsser Aktuar Sonja Brunner Musikalische Leiterin<\/p>\n","protected":false},"author":3,"featured_media":0,"parent":0,"menu_order":0,"comment_status":"closed","ping_status":"closed","template":"","meta":{"footnotes":""},"class_list":["post-266","page","type-page","status-publish","hentry"],"yoast_head":"<!-- This site is optimized with the Yoast SEO plugin v26.8 - https:\/\/yoast.com\/product\/yoast-seo-wordpress\/ -->\n<title>Vorstand - Schwyzer\u00f6rgeli Club Jona<\/title>\n<meta name=\"robots\" content=\"index, follow, max-snippet:-1, max-image-preview:large, max-video-preview:-1\" \/>\n<link rel=\"canonical\" href=\"https:\/\/www.oergeliclub-jona.ch\/?page_id=266\" \/>\n<meta property=\"og:locale\" content=\"de_DE\" \/>\n<meta property=\"og:type\" content=\"article\" \/>\n<meta property=\"og:title\" content=\"Vorstand - Schwyzer\u00f6rgeli Club Jona\" \/>\n<meta property=\"og:description\" content=\"Ruth Helbling Pr\u00e4sidentin Anita Hiestand Sekret\u00e4rin, Vizepr\u00e4sidentin Urs Furrer Kassier Joel B\u00fcsser Aktuar Sonja Brunner Musikalische Leiterin\" \/>\n<meta property=\"og:url\" content=\"https:\/\/www.oergeliclub-jona.ch\/?page_id=266\" \/>\n<meta property=\"og:site_name\" content=\"Schwyzer\u00f6rgeli Club Jona\" \/>\n<meta property=\"article:modified_time\" content=\"2025-01-13T13:16:29+00:00\" \/>\n<meta property=\"og:image\" content=\"https:\/\/www.oergeliclub-jona.ch\/wp-content\/uploads\/2024\/09\/Foto-Huess_0286_B-edited.jpg\" \/>\n\t<meta property=\"og:image:width\" content=\"1350\" \/>\n\t<meta property=\"og:image:height\" content=\"1801\" \/>\n\t<meta property=\"og:image:type\" content=\"image\/jpeg\" \/>\n<meta name=\"twitter:card\" content=\"summary_large_image\" \/>\n<meta name=\"twitter:label1\" content=\"Gesch\u00e4tzte Lesezeit\" \/>\n\t<meta name=\"twitter:data1\" content=\"2\u00a0Minuten\" \/>\n<script type=\"application\/ld+json\" class=\"yoast-schema-graph\">{\"@context\":\"https:\/\/schema.org\",\"@graph\":[{\"@type\":\"WebPage\",\"@id\":\"https:\/\/www.oergeliclub-jona.ch\/?page_id=266\",\"url\":\"https:\/\/www.oergeliclub-jona.ch\/?page_id=266\",\"name\":\"Vorstand - Schwyzer\u00f6rgeli Club Jona\",\"isPartOf\":{\"@id\":\"https:\/\/www.oergeliclub-jona.ch\/#website\"},\"primaryImageOfPage\":{\"@id\":\"https:\/\/www.oergeliclub-jona.ch\/?page_id=266#primaryimage\"},\"image\":{\"@id\":\"https:\/\/www.oergeliclub-jona.ch\/?page_id=266#primaryimage\"},\"thumbnailUrl\":\"https:\/\/www.oergeliclub-jona.ch\/wp-content\/uploads\/2024\/09\/Foto-Huess_0286_B-edited.jpg\",\"datePublished\":\"2022-01-04T18:56:19+00:00\",\"dateModified\":\"2025-01-13T13:16:29+00:00\",\"breadcrumb\":{\"@id\":\"https:\/\/www.oergeliclub-jona.ch\/?page_id=266#breadcrumb\"},\"inLanguage\":\"de\",\"potentialAction\":[{\"@type\":\"ReadAction\",\"target\":[\"https:\/\/www.oergeliclub-jona.ch\/?page_id=266\"]}]},{\"@type\":\"ImageObject\",\"inLanguage\":\"de\",\"@id\":\"https:\/\/www.oergeliclub-jona.ch\/?page_id=266#primaryimage\",\"url\":\"https:\/\/www.oergeliclub-jona.ch\/wp-content\/uploads\/2024\/09\/Foto-Huess_0286_B-edited.jpg\",\"contentUrl\":\"https:\/\/www.oergeliclub-jona.ch\/wp-content\/uploads\/2024\/09\/Foto-Huess_0286_B-edited.jpg\",\"width\":1350,\"height\":1801},{\"@type\":\"BreadcrumbList\",\"@id\":\"https:\/\/www.oergeliclub-jona.ch\/?page_id=266#breadcrumb\",\"itemListElement\":[{\"@type\":\"ListItem\",\"position\":1,\"name\":\"Startseite\",\"item\":\"https:\/\/www.oergeliclub-jona.ch\/\"},{\"@type\":\"ListItem\",\"position\":2,\"name\":\"Vorstand\"}]},{\"@type\":\"WebSite\",\"@id\":\"https:\/\/www.oergeliclub-jona.ch\/#website\",\"url\":\"https:\/\/www.oergeliclub-jona.ch\/\",\"name\":\"Schwyzer\u00f6rgeli Club Jona\",\"description\":\"\",\"publisher\":{\"@id\":\"https:\/\/www.oergeliclub-jona.ch\/#organization\"},\"potentialAction\":[{\"@type\":\"SearchAction\",\"target\":{\"@type\":\"EntryPoint\",\"urlTemplate\":\"https:\/\/www.oergeliclub-jona.ch\/?s={search_term_string}\"},\"query-input\":{\"@type\":\"PropertyValueSpecification\",\"valueRequired\":true,\"valueName\":\"search_term_string\"}}],\"inLanguage\":\"de\"},{\"@type\":\"Organization\",\"@id\":\"https:\/\/www.oergeliclub-jona.ch\/#organization\",\"name\":\"Schwyzer\u00f6rgeli Club Jona\",\"url\":\"https:\/\/www.oergeliclub-jona.ch\/\",\"logo\":{\"@type\":\"ImageObject\",\"inLanguage\":\"de\",\"@id\":\"https:\/\/www.oergeliclub-jona.ch\/#\/schema\/logo\/image\/\",\"url\":\"https:\/\/www.oergeliclub-jona.ch\/wp-content\/uploads\/2024\/12\/cropped-cropped-logo4-1.jpg\",\"contentUrl\":\"https:\/\/www.oergeliclub-jona.ch\/wp-content\/uploads\/2024\/12\/cropped-cropped-logo4-1.jpg\",\"width\":659,\"height\":354,\"caption\":\"Schwyzer\u00f6rgeli Club Jona\"},\"image\":{\"@id\":\"https:\/\/www.oergeliclub-jona.ch\/#\/schema\/logo\/image\/\"}}]}<\/script>\n<!-- \/ Yoast SEO plugin. -->","yoast_head_json":{"title":"Vorstand - Schwyzer\u00f6rgeli Club Jona","robots":{"index":"index","follow":"follow","max-snippet":"max-snippet:-1","max-image-preview":"max-image-preview:large","max-video-preview":"max-video-preview:-1"},"canonical":"https:\/\/www.oergeliclub-jona.ch\/?page_id=266","og_locale":"de_DE","og_type":"article","og_title":"Vorstand - Schwyzer\u00f6rgeli Club Jona","og_description":"Ruth Helbling Pr\u00e4sidentin Anita Hiestand Sekret\u00e4rin, Vizepr\u00e4sidentin Urs Furrer Kassier Joel B\u00fcsser Aktuar Sonja Brunner Musikalische Leiterin","og_url":"https:\/\/www.oergeliclub-jona.ch\/?page_id=266","og_site_name":"Schwyzer\u00f6rgeli Club Jona","article_modified_time":"2025-01-13T13:16:29+00:00","og_image":[{"width":1350,"height":1801,"url":"https:\/\/www.oergeliclub-jona.ch\/wp-content\/uploads\/2024\/09\/Foto-Huess_0286_B-edited.jpg","type":"image\/jpeg"}],"twitter_card":"summary_large_image","twitter_misc":{"Gesch\u00e4tzte Lesezeit":"2\u00a0Minuten"},"schema":{"@context":"https:\/\/schema.org","@graph":[{"@type":"WebPage","@id":"https:\/\/www.oergeliclub-jona.ch\/?page_id=266","url":"https:\/\/www.oergeliclub-jona.ch\/?page_id=266","name":"Vorstand - Schwyzer\u00f6rgeli Club Jona","isPartOf":{"@id":"https:\/\/www.oergeliclub-jona.ch\/#website"},"primaryImageOfPage":{"@id":"https:\/\/www.oergeliclub-jona.ch\/?page_id=266#primaryimage"},"image":{"@id":"https:\/\/www.oergeliclub-jona.ch\/?page_id=266#primaryimage"},"thumbnailUrl":"https:\/\/www.oergeliclub-jona.ch\/wp-content\/uploads\/2024\/09\/Foto-Huess_0286_B-edited.jpg","datePublished":"2022-01-04T18:56:19+00:00","dateModified":"2025-01-13T13:16:29+00:00","breadcrumb":{"@id":"https:\/\/www.oergeliclub-jona.ch\/?page_id=266#breadcrumb"},"inLanguage":"de","potentialAction":[{"@type":"ReadAction","target":["https:\/\/www.oergeliclub-jona.ch\/?page_id=266"]}]},{"@type":"ImageObject","inLanguage":"de","@id":"https:\/\/www.oergeliclub-jona.ch\/?page_id=266#primaryimage","url":"https:\/\/www.oergeliclub-jona.ch\/wp-content\/uploads\/2024\/09\/Foto-Huess_0286_B-edited.jpg","contentUrl":"https:\/\/www.oergeliclub-jona.ch\/wp-content\/uploads\/2024\/09\/Foto-Huess_0286_B-edited.jpg","width":1350,"height":1801},{"@type":"BreadcrumbList","@id":"https:\/\/www.oergeliclub-jona.ch\/?page_id=266#breadcrumb","itemListElement":[{"@type":"ListItem","position":1,"name":"Startseite","item":"https:\/\/www.oergeliclub-jona.ch\/"},{"@type":"ListItem","position":2,"name":"Vorstand"}]},{"@type":"WebSite","@id":"https:\/\/www.oergeliclub-jona.ch\/#website","url":"https:\/\/www.oergeliclub-jona.ch\/","name":"Schwyzer\u00f6rgeli Club Jona","description":"","publisher":{"@id":"https:\/\/www.oergeliclub-jona.ch\/#organization"},"potentialAction":[{"@type":"SearchAction","target":{"@type":"EntryPoint","urlTemplate":"https:\/\/www.oergeliclub-jona.ch\/?s={search_term_string}"},"query-input":{"@type":"PropertyValueSpecification","valueRequired":true,"valueName":"search_term_string"}}],"inLanguage":"de"},{"@type":"Organization","@id":"https:\/\/www.oergeliclub-jona.ch\/#organization","name":"Schwyzer\u00f6rgeli Club Jona","url":"https:\/\/www.oergeliclub-jona.ch\/","logo":{"@type":"ImageObject","inLanguage":"de","@id":"https:\/\/www.oergeliclub-jona.ch\/#\/schema\/logo\/image\/","url":"https:\/\/www.oergeliclub-jona.ch\/wp-content\/uploads\/2024\/12\/cropped-cropped-logo4-1.jpg","contentUrl":"https:\/\/www.oergeliclub-jona.ch\/wp-content\/uploads\/2024\/12\/cropped-cropped-logo4-1.jpg","width":659,"height":354,"caption":"Schwyzer\u00f6rgeli Club Jona"},"image":{"@id":"https:\/\/www.oergeliclub-jona.ch\/#\/schema\/logo\/image\/"}}]}},"_links":{"self":[{"href":"https:\/\/www.oergeliclub-jona.ch\/index.php?rest_route=\/wp\/v2\/pages\/266","targetHints":{"allow":["GET"]}}],"collection":[{"href":"https:\/\/www.oergeliclub-jona.ch\/index.php?rest_route=\/wp\/v2\/pages"}],"about":[{"href":"https:\/\/www.oergeliclub-jona.ch\/index.php?rest_route=\/wp\/v2\/types\/page"}],"author":[{"embeddable":true,"href":"https:\/\/www.oergeliclub-jona.ch\/index.php?rest_route=\/wp\/v2\/users\/3"}],"replies":[{"embeddable":true,"href":"https:\/\/www.oergeliclub-jona.ch\/index.php?rest_route=%2Fwp%2Fv2%2Fcomments&post=266"}],"version-history":[{"count":10,"href":"https:\/\/www.oergeliclub-jona.ch\/index.php?rest_route=\/wp\/v2\/pages\/266\/revisions"}],"predecessor-version":[{"id":517,"href":"https:\/\/www.oergeliclub-jona.ch\/index.php?rest_route=\/wp\/v2\/pages\/266\/revisions\/517"}],"wp:attachment":[{"href":"https:\/\/www.oergeliclub-jona.ch\/index.php?rest_route=%2Fwp%2Fv2%2Fmedia&parent=266"}],"curies":[{"name":"wp","href":"https:\/\/api.w.org\/{rel}","templated":true}]}}